{"id":1932,"date":"2024-06-12T16:24:17","date_gmt":"2024-06-12T14:24:17","guid":{"rendered":"https:\/\/www.storkcom.com\/contact\/"},"modified":"2024-10-15T18:55:55","modified_gmt":"2024-10-15T16:55:55","slug":"contact","status":"publish","type":"page","link":"https:\/\/www.storkcom.com\/en\/contact\/","title":{"rendered":"Contact"},"content":{"rendered":"<div class=\"wpb-content-wrapper\"><p>[vc_row][vc_column width=&#8221;7\/12&#8243;][vc_column_text css=&#8221;&#8221;]To learn more about our activities and commitments, and to share your digitalization projects with our IoT experts, <strong>don&#8217;t hesitate to contact us!<\/strong><\/p>\n<p>Our teams are at your disposal to meet and answer any questions you may have.[\/vc_column_text][\/vc_column][vc_column width=&#8221;5\/12&#8243;][vc_single_image image=&#8221;978&#8243; img_size=&#8221;large&#8221; alignment=&#8221;center&#8221; css=&#8221;&#8221;][\/vc_column][\/vc_row][vc_row full_width=&#8221;stretch_row&#8221; css=&#8221;.vc_custom_1719501928405{padding-top: 50px !important;padding-bottom: 50px !important;background-color: #f6f6f6 !important;}&#8221; el_class=&#8221;formulaire-contact&#8221;][vc_column width=&#8221;2\/12&#8243;][\/vc_column][vc_column width=&#8221;8\/12&#8243;][vc_column_text css=&#8221;&#8221;]<\/p>\n<h2 style=\"text-align: center;\">CONTACT US<\/h2>\n<p>[\/vc_column_text][vc_column_text css=&#8221;&#8221;]<\/p>\n<p style=\"text-align: center;\"><strong>Nead a demonstration, a quotation, or to share your project with us?<br \/>\n<\/strong>\u00a0Please let us know in your message, and we\u2019ll get back to you as soon as possible.<\/p>\n<p>[\/vc_column_text]\n<div class=\"wpcf7 no-js\" id=\"wpcf7-f1950-o1\" lang=\"en-US\" dir=\"ltr\" data-wpcf7-id=\"1950\">\n<div class=\"screen-reader-response\"><p role=\"status\" aria-live=\"polite\" aria-atomic=\"true\"><\/p> <ul><\/ul><\/div>\n<form action=\"\/en\/wp-json\/wp\/v2\/pages\/1932#wpcf7-f1950-o1\" method=\"post\" class=\"wpcf7-form init\" aria-label=\"Contact form\" novalidate=\"novalidate\" data-status=\"init\">\n<fieldset class=\"hidden-fields-container\"><input type=\"hidden\" name=\"_wpcf7\" value=\"1950\" \/><input type=\"hidden\" name=\"_wpcf7_version\" value=\"6.1.5\" \/><input type=\"hidden\" name=\"_wpcf7_locale\" value=\"en_US\" \/><input type=\"hidden\" name=\"_wpcf7_unit_tag\" value=\"wpcf7-f1950-o1\" \/><input type=\"hidden\" name=\"_wpcf7_container_post\" value=\"0\" \/><input type=\"hidden\" name=\"_wpcf7_posted_data_hash\" value=\"\" \/><input type=\"hidden\" name=\"_wpcf7_recaptcha_response\" value=\"\" \/>\n<\/fieldset>\n<div class=\"displayflex\">\n\t<div class=\"input-line\">\n\t\t<p><span class=\"wpcf7-form-control-wrap\" data-name=\"nom\"><input size=\"40\" maxlength=\"400\" class=\"wpcf7-form-control wpcf7-text wpcf7-validates-as-required\" aria-required=\"true\" aria-invalid=\"false\" placeholder=\"Name *\" value=\"\" type=\"text\" name=\"nom\" \/><\/span><br \/>\n<span class=\"wpcf7-form-control-wrap\" data-name=\"prenom\"><input size=\"40\" maxlength=\"400\" class=\"wpcf7-form-control wpcf7-text wpcf7-validates-as-required\" aria-required=\"true\" aria-invalid=\"false\" placeholder=\"First name *\" value=\"\" type=\"text\" name=\"prenom\" \/><\/span>\n\t\t<\/p>\n\t<\/div>\n\t<div class=\"input-line\">\n\t\t<p><span class=\"wpcf7-form-control-wrap\" data-name=\"email\"><input size=\"40\" maxlength=\"400\" class=\"wpcf7-form-control wpcf7-email wpcf7-validates-as-required wpcf7-text wpcf7-validates-as-email\" aria-required=\"true\" aria-invalid=\"false\" placeholder=\"Email *\" value=\"\" type=\"email\" name=\"email\" \/><\/span><br \/>\n<span class=\"wpcf7-form-control-wrap\" data-name=\"Tel\"><input size=\"40\" maxlength=\"400\" class=\"wpcf7-form-control wpcf7-tel wpcf7-validates-as-required wpcf7-text wpcf7-validates-as-tel\" aria-required=\"true\" aria-invalid=\"false\" placeholder=\"Phone number *\" value=\"\" type=\"tel\" name=\"Tel\" \/><\/span>\n\t\t<\/p>\n\t<\/div>\n\t<div class=\"input-line\">\n\t\t<p><span class=\"wpcf7-form-control-wrap\" data-name=\"societe\"><input size=\"40\" maxlength=\"400\" class=\"wpcf7-form-control wpcf7-text wpcf7-validates-as-required\" aria-required=\"true\" aria-invalid=\"false\" placeholder=\"Company *\" value=\"\" type=\"text\" name=\"societe\" \/><\/span><br \/>\n<span class=\"wpcf7-form-control-wrap\" data-name=\"cp\"><input size=\"40\" maxlength=\"400\" class=\"wpcf7-form-control wpcf7-text wpcf7-validates-as-required\" aria-required=\"true\" aria-invalid=\"false\" placeholder=\"Postal Code *\" value=\"\" type=\"text\" name=\"cp\" \/><\/span>\n\t\t<\/p>\n\t<\/div>\n<\/div>\n<div class=\"textarea-content\">\n\t<p><span class=\"wpcf7-form-control-wrap\" data-name=\"message\"><textarea cols=\"40\" rows=\"10\" maxlength=\"2000\" class=\"wpcf7-form-control wpcf7-textarea\" aria-invalid=\"false\" placeholder=\"Message\" name=\"message\"><\/textarea><\/span>\n\t<\/p>\n\t<div class=\"small-form\">\n\t\t<p>* required fields\n\t\t<\/p>\n\t<\/div>\n\t<p><span class=\"wpcf7-form-control-wrap\" data-name=\"acceptance-14\"><span class=\"wpcf7-form-control wpcf7-acceptance\"><span class=\"wpcf7-list-item\"><label><input type=\"checkbox\" name=\"acceptance-14\" value=\"1\" aria-invalid=\"false\" \/><span class=\"wpcf7-list-item-label\">By submitting this form, I agree that the information collected may be used for the purposes of the contact request and the ensuing commercial relationship. <br> This site is protected by reCAPTCHA and Google\n    <a href=\"https:\/\/policies.google.com\/privacy\">Privacy policy<\/a> et\n    <a href=\"https:\/\/policies.google.com\/terms\">Terms of use<\/a>.<\/span><\/label><\/span><\/span><\/span><br \/>\n<input class=\"wpcf7-form-control wpcf7-submit has-spinner big-btn\" type=\"submit\" value=\"SEND\" \/>\n\t<\/p>\n<\/div><input type='hidden' class='wpcf7-pum' value='{\"closepopup\":false,\"closedelay\":0,\"openpopup\":false,\"openpopup_id\":0}' \/><div class=\"wpcf7-response-output\" aria-hidden=\"true\"><\/div>\n<\/form>\n<\/div>\n[\/vc_column][vc_column width=&#8221;2\/12&#8243;][\/vc_column][\/vc_row][vc_row disable_element=&#8221;yes&#8221; css=&#8221;.vc_custom_1722320223796{margin-top: 50px !important;margin-bottom: 50px !important;}&#8221;][vc_column][vc_column_text css=&#8221;&#8221;]<\/p>\n<h2 style=\"text-align: center;\">NOS IMPLANTATIONS<\/h2>\n<p>[\/vc_column_text][vc_row_inner content_placement=&#8221;middle&#8221; el_class=&#8221;nos-implantations&#8221;][vc_column_inner width=&#8221;2\/12&#8243;][\/vc_column_inner][vc_column_inner width=&#8221;3\/12&#8243;][vc_single_image image=&#8221;634&#8243; img_size=&#8221;200&#215;200&#8243; css=&#8221;&#8221;][\/vc_column_inner][vc_column_inner width=&#8221;2\/12&#8243;][vc_column_text css=&#8221;&#8221;]<\/p>\n<h4>STORKCOM FRANCE<\/h4>\n<p><strong>1 rue Charles Tellier<\/strong><br \/>\n<strong>17000 La Rochelle<\/strong><br \/>\n<strong>FRANCE<\/strong>[\/vc_column_text][\/vc_column_inner][vc_column_inner width=&#8221;3\/12&#8243;][vc_column_text css=&#8221;&#8221;]<\/p>\n<h4>SI\u00c8GE SOCIAL<\/h4>\n<p><strong>22-24 rue du Pr\u00e9sident Wilson<\/strong><br \/>\n<strong>92300 Levallois-Perret<\/strong><br \/>\n<strong>FRANCE<\/strong>[\/vc_column_text][\/vc_column_inner][vc_column_inner width=&#8221;2\/12&#8243;][\/vc_column_inner][\/vc_row_inner][\/vc_column][\/vc_row][vc_row full_width=&#8221;stretch_row&#8221; disable_element=&#8221;yes&#8221; el_class=&#8221;bg-noir contact-page&#8221;][vc_column width=&#8221;1\/12&#8243;][\/vc_column][vc_column width=&#8221;5\/12&#8243;][vc_column_text css=&#8221;&#8221;]<\/p>\n<h2>Service client<\/h2>\n<p>[\/vc_column_text][vc_column_text css=&#8221;&#8221;]<strong>Pour tout support technique, notre service client est \u00e0 votre disposition et r\u00e9pondra \u00e0 vos demandes dans les meilleurs d\u00e9lais.<\/strong>[\/vc_column_text][\/vc_column][vc_column width=&#8221;1\/12&#8243;][\/vc_column][vc_column width=&#8221;5\/12&#8243;][vc_column_text css=&#8221;&#8221; el_class=&#8221;mail&#8221;]<strong>support(@)storkcom.com<\/strong>[\/vc_column_text][vc_column_text css=&#8221;&#8221; el_class=&#8221;phone&#8221;]<strong>+33(0) 546\u00a0340 111<\/strong>[\/vc_column_text][vc_column_text css=&#8221;&#8221; el_class=&#8221;horaires&#8221;]<strong>Horaires d\u2019ouverture<\/strong><br \/>\nlundi au vendredi<br \/>\n9h &#8211; 12h30 \/ 13h30 &#8211; 18h[\/vc_column_text][\/vc_column][\/vc_row]<\/p>\n<\/div>","protected":false},"excerpt":{"rendered":"<p>[vc_row][vc_column width=&#8221;7\/12&#8243;][vc_column_text css=&#8221;&#8221;]To learn more about our activities and commitments, and to share your digitalization projects with our IoT experts, don&#8217;t hesitate to contact us! Our teams are at your disposal to meet and answer any questions you may have.[\/vc_column_text][\/vc_column][vc_column width=&#8221;5\/12&#8243;][vc_single_image image=&#8221;978&#8243; img_size=&#8221;large&#8221; alignment=&#8221;center&#8221; css=&#8221;&#8221;][\/vc_column][\/vc_row][vc_row full_width=&#8221;stretch_row&#8221; css=&#8221;.vc_custom_1719501928405{padding-top: 50px !important;padding-bottom: 50px !important;background-color: #f6f6f6 !important;}&#8221; el_class=&#8221;formulaire-contact&#8221;][vc_column width=&#8221;2\/12&#8243;][\/vc_column][vc_column [&hellip;]<\/p>\n","protected":false},"author":1,"featured_media":0,"parent":0,"menu_order":0,"comment_status":"closed","ping_status":"closed","template":"","meta":{"_acf_changed":false,"inline_featured_image":false,"footnotes":""},"class_list":["post-1932","page","type-page","status-publish","hentry"],"acf":[],"yoast_head":"<!-- This site is optimized with the Yoast SEO plugin v27.3 - https:\/\/yoast.com\/product\/yoast-seo-wordpress\/ -->\n<title>Contact | Storkcom<\/title>\n<meta name=\"robots\" content=\"index, follow, max-snippet:-1, max-image-preview:large, max-video-preview:-1\" \/>\n<link rel=\"canonical\" href=\"https:\/\/www.storkcom.com\/en\/contact\/\" \/>\n<meta property=\"og:locale\" content=\"en_US\" \/>\n<meta property=\"og:type\" content=\"article\" \/>\n<meta property=\"og:title\" content=\"Contact | Storkcom\" \/>\n<meta property=\"og:description\" content=\"[vc_row][vc_column width=&#8221;7\/12&#8243;][vc_column_text css=&#8221;&#8221;]To learn more about our activities and commitments, and to share your digitalization projects with our IoT experts, don&#8217;t hesitate to contact us! Our teams are at your disposal to meet and answer any questions you may have.[\/vc_column_text][\/vc_column][vc_column width=&#8221;5\/12&#8243;][vc_single_image image=&#8221;978&#8243; img_size=&#8221;large&#8221; alignment=&#8221;center&#8221; css=&#8221;&#8221;][\/vc_column][\/vc_row][vc_row full_width=&#8221;stretch_row&#8221; css=&#8221;.vc_custom_1719501928405{padding-top: 50px !important;padding-bottom: 50px !important;background-color: #f6f6f6 !important;}&#8221; el_class=&#8221;formulaire-contact&#8221;][vc_column width=&#8221;2\/12&#8243;][\/vc_column][vc_column [&hellip;]\" \/>\n<meta property=\"og:url\" content=\"https:\/\/www.storkcom.com\/en\/contact\/\" \/>\n<meta property=\"og:site_name\" content=\"Storkcom\" \/>\n<meta property=\"article:modified_time\" content=\"2024-10-15T16:55:55+00:00\" \/>\n<meta property=\"og:image\" content=\"https:\/\/www.storkcom.com\/wp-content\/uploads\/2024\/06\/mockup-tools.png\" \/>\n\t<meta property=\"og:image:width\" content=\"427\" \/>\n\t<meta property=\"og:image:height\" content=\"427\" \/>\n\t<meta property=\"og:image:type\" content=\"image\/png\" \/>\n<meta name=\"twitter:card\" content=\"summary_large_image\" \/>\n<meta name=\"twitter:label1\" content=\"Est. reading time\" \/>\n\t<meta name=\"twitter:data1\" content=\"2 minutes\" \/>\n<script type=\"application\/ld+json\" class=\"yoast-schema-graph\">{\"@context\":\"https:\\\/\\\/schema.org\",\"@graph\":[{\"@type\":\"WebPage\",\"@id\":\"https:\\\/\\\/www.storkcom.com\\\/en\\\/contact\\\/\",\"url\":\"https:\\\/\\\/www.storkcom.com\\\/en\\\/contact\\\/\",\"name\":\"Contact | Storkcom\",\"isPartOf\":{\"@id\":\"https:\\\/\\\/www.storkcom.com\\\/en\\\/#website\"},\"datePublished\":\"2024-06-12T14:24:17+00:00\",\"dateModified\":\"2024-10-15T16:55:55+00:00\",\"breadcrumb\":{\"@id\":\"https:\\\/\\\/www.storkcom.com\\\/en\\\/contact\\\/#breadcrumb\"},\"inLanguage\":\"en-US\",\"potentialAction\":[{\"@type\":\"ReadAction\",\"target\":[\"https:\\\/\\\/www.storkcom.com\\\/en\\\/contact\\\/\"]}]},{\"@type\":\"BreadcrumbList\",\"@id\":\"https:\\\/\\\/www.storkcom.com\\\/en\\\/contact\\\/#breadcrumb\",\"itemListElement\":[{\"@type\":\"ListItem\",\"position\":1,\"name\":\"Home\",\"item\":\"https:\\\/\\\/www.storkcom.com\\\/en\\\/\"},{\"@type\":\"ListItem\",\"position\":2,\"name\":\"Contact\"}]},{\"@type\":\"WebSite\",\"@id\":\"https:\\\/\\\/www.storkcom.com\\\/en\\\/#website\",\"url\":\"https:\\\/\\\/www.storkcom.com\\\/en\\\/\",\"name\":\"Storkcom\",\"description\":\"A SIMPLER SMARTER TOOL MANAGEMENT\",\"potentialAction\":[{\"@type\":\"SearchAction\",\"target\":{\"@type\":\"EntryPoint\",\"urlTemplate\":\"https:\\\/\\\/www.storkcom.com\\\/en\\\/?s={search_term_string}\"},\"query-input\":{\"@type\":\"PropertyValueSpecification\",\"valueRequired\":true,\"valueName\":\"search_term_string\"}}],\"inLanguage\":\"en-US\"}]}<\/script>\n<!-- \/ Yoast SEO plugin. -->","yoast_head_json":{"title":"Contact | Storkcom","robots":{"index":"index","follow":"follow","max-snippet":"max-snippet:-1","max-image-preview":"max-image-preview:large","max-video-preview":"max-video-preview:-1"},"canonical":"https:\/\/www.storkcom.com\/en\/contact\/","og_locale":"en_US","og_type":"article","og_title":"Contact | Storkcom","og_description":"[vc_row][vc_column width=&#8221;7\/12&#8243;][vc_column_text css=&#8221;&#8221;]To learn more about our activities and commitments, and to share your digitalization projects with our IoT experts, don&#8217;t hesitate to contact us! Our teams are at your disposal to meet and answer any questions you may have.[\/vc_column_text][\/vc_column][vc_column width=&#8221;5\/12&#8243;][vc_single_image image=&#8221;978&#8243; img_size=&#8221;large&#8221; alignment=&#8221;center&#8221; css=&#8221;&#8221;][\/vc_column][\/vc_row][vc_row full_width=&#8221;stretch_row&#8221; css=&#8221;.vc_custom_1719501928405{padding-top: 50px !important;padding-bottom: 50px !important;background-color: #f6f6f6 !important;}&#8221; el_class=&#8221;formulaire-contact&#8221;][vc_column width=&#8221;2\/12&#8243;][\/vc_column][vc_column [&hellip;]","og_url":"https:\/\/www.storkcom.com\/en\/contact\/","og_site_name":"Storkcom","article_modified_time":"2024-10-15T16:55:55+00:00","og_image":[{"width":427,"height":427,"url":"https:\/\/www.storkcom.com\/wp-content\/uploads\/2024\/06\/mockup-tools.png","type":"image\/png"}],"twitter_card":"summary_large_image","twitter_misc":{"Est. reading time":"2 minutes"},"schema":{"@context":"https:\/\/schema.org","@graph":[{"@type":"WebPage","@id":"https:\/\/www.storkcom.com\/en\/contact\/","url":"https:\/\/www.storkcom.com\/en\/contact\/","name":"Contact | Storkcom","isPartOf":{"@id":"https:\/\/www.storkcom.com\/en\/#website"},"datePublished":"2024-06-12T14:24:17+00:00","dateModified":"2024-10-15T16:55:55+00:00","breadcrumb":{"@id":"https:\/\/www.storkcom.com\/en\/contact\/#breadcrumb"},"inLanguage":"en-US","potentialAction":[{"@type":"ReadAction","target":["https:\/\/www.storkcom.com\/en\/contact\/"]}]},{"@type":"BreadcrumbList","@id":"https:\/\/www.storkcom.com\/en\/contact\/#breadcrumb","itemListElement":[{"@type":"ListItem","position":1,"name":"Home","item":"https:\/\/www.storkcom.com\/en\/"},{"@type":"ListItem","position":2,"name":"Contact"}]},{"@type":"WebSite","@id":"https:\/\/www.storkcom.com\/en\/#website","url":"https:\/\/www.storkcom.com\/en\/","name":"Storkcom","description":"A SIMPLER SMARTER TOOL MANAGEMENT","potentialAction":[{"@type":"SearchAction","target":{"@type":"EntryPoint","urlTemplate":"https:\/\/www.storkcom.com\/en\/?s={search_term_string}"},"query-input":{"@type":"PropertyValueSpecification","valueRequired":true,"valueName":"search_term_string"}}],"inLanguage":"en-US"}]}},"_links":{"self":[{"href":"https:\/\/www.storkcom.com\/en\/wp-json\/wp\/v2\/pages\/1932","targetHints":{"allow":["GET"]}}],"collection":[{"href":"https:\/\/www.storkcom.com\/en\/wp-json\/wp\/v2\/pages"}],"about":[{"href":"https:\/\/www.storkcom.com\/en\/wp-json\/wp\/v2\/types\/page"}],"author":[{"embeddable":true,"href":"https:\/\/www.storkcom.com\/en\/wp-json\/wp\/v2\/users\/1"}],"replies":[{"embeddable":true,"href":"https:\/\/www.storkcom.com\/en\/wp-json\/wp\/v2\/comments?post=1932"}],"version-history":[{"count":4,"href":"https:\/\/www.storkcom.com\/en\/wp-json\/wp\/v2\/pages\/1932\/revisions"}],"predecessor-version":[{"id":1951,"href":"https:\/\/www.storkcom.com\/en\/wp-json\/wp\/v2\/pages\/1932\/revisions\/1951"}],"wp:attachment":[{"href":"https:\/\/www.storkcom.com\/en\/wp-json\/wp\/v2\/media?parent=1932"}],"curies":[{"name":"wp","href":"https:\/\/api.w.org\/{rel}","templated":true}]}}